{"id":17,"date":"2026-01-26T11:55:52","date_gmt":"2026-01-26T11:55:52","guid":{"rendered":"https:\/\/trumpettiope.fi\/?page_id=17"},"modified":"2026-01-27T17:41:33","modified_gmt":"2026-01-27T17:41:33","slug":"bio","status":"publish","type":"page","link":"https:\/\/trumpettiope.fi\/?page_id=17","title":{"rendered":"Bio"},"content":{"rendered":"\t\t<div data-elementor-type=\"wp-page\" data-elementor-id=\"17\" class=\"elementor elementor-17\">\n\t\t\t\t<div class=\"elementor-element elementor-element-cd54395 e-flex e-con-boxed e-con e-parent\" data-id=\"cd54395\" data-element_type=\"container\" data-e-type=\"container\">\n\t\t\t\t\t<div class=\"e-con-inner\">\n\t\t\t\t<div class=\"elementor-element elementor-element-00edba2 elementor-widget elementor-widget-image\" data-id=\"00edba2\" data-element_type=\"widget\" data-e-type=\"widget\" data-widget_type=\"image.default\">\n\t\t\t\t\t\t\t\t\t\t\t\t\t\t\t<img fetchpriority=\"high\" decoding=\"async\" width=\"768\" height=\"768\" src=\"https:\/\/trumpettiope.fi\/wp-content\/uploads\/2026\/01\/Matti_Profiili_harmaa-768x768.png\" class=\"attachment-medium_large size-medium_large wp-image-26\" alt=\"\" srcset=\"https:\/\/trumpettiope.fi\/wp-content\/uploads\/2026\/01\/Matti_Profiili_harmaa-768x768.png 768w, https:\/\/trumpettiope.fi\/wp-content\/uploads\/2026\/01\/Matti_Profiili_harmaa-300x300.png 300w, https:\/\/trumpettiope.fi\/wp-content\/uploads\/2026\/01\/Matti_Profiili_harmaa-1024x1024.png 1024w, https:\/\/trumpettiope.fi\/wp-content\/uploads\/2026\/01\/Matti_Profiili_harmaa-150x150.png 150w, https:\/\/trumpettiope.fi\/wp-content\/uploads\/2026\/01\/Matti_Profiili_harmaa-1536x1536.png 1536w, https:\/\/trumpettiope.fi\/wp-content\/uploads\/2026\/01\/Matti_Profiili_harmaa-2048x2048.png 2048w\" sizes=\"(max-width: 768px) 100vw, 768px\" \/>\t\t\t\t\t\t\t\t\t\t\t\t\t\t\t<\/div>\n\t\t\t\t\t<\/div>\n\t\t\t\t<\/div>\n\t\t<div class=\"elementor-element elementor-element-8c94471 e-flex e-con-boxed e-con e-parent\" data-id=\"8c94471\" data-element_type=\"container\" data-e-type=\"container\">\n\t\t\t\t\t<div class=\"e-con-inner\">\n\t\t\t\t<div class=\"elementor-element elementor-element-8af304b elementor-widget elementor-widget-heading\" data-id=\"8af304b\" data-element_type=\"widget\" data-e-type=\"widget\" data-widget_type=\"heading.default\">\n\t\t\t\t\t<h2 class=\"elementor-heading-title elementor-size-default\">Hei, olen Matti ja opetan trumpetinsoittoa sek\u00e4 teen kaikkea mediaan liittyv\u00e4\u00e4.\u200b<\/h2>\t\t\t\t<\/div>\n\t\t\t\t\t<\/div>\n\t\t\t\t<\/div>\n\t\t<div class=\"elementor-element elementor-element-0634d73 e-flex e-con-boxed e-con e-parent\" data-id=\"0634d73\" data-element_type=\"container\" data-e-type=\"container\">\n\t\t\t\t\t<div class=\"e-con-inner\">\n\t\t\t\t<div class=\"elementor-element elementor-element-b442a4e elementor-widget elementor-widget-spacer\" data-id=\"b442a4e\" data-element_type=\"widget\" data-e-type=\"widget\" data-widget_type=\"spacer.default\">\n\t\t\t\t\t\t\t<div class=\"elementor-spacer\">\n\t\t\t<div class=\"elementor-spacer-inner\"><\/div>\n\t\t<\/div>\n\t\t\t\t\t\t<\/div>\n\t\t\t\t\t<\/div>\n\t\t\t\t<\/div>\n\t\t<div class=\"elementor-element elementor-element-99f9a10 e-flex e-con-boxed e-con e-parent\" data-id=\"99f9a10\" data-element_type=\"container\" data-e-type=\"container\">\n\t\t\t\t\t<div class=\"e-con-inner\">\n\t\t<div class=\"elementor-element elementor-element-5a60d79 e-con-full e-flex e-con e-child\" data-id=\"5a60d79\" data-element_type=\"container\" data-e-type=\"container\">\n\t\t\t\t<div class=\"elementor-element elementor-element-7b69da3 elementor-widget elementor-widget-heading\" data-id=\"7b69da3\" data-element_type=\"widget\" data-e-type=\"widget\" data-widget_type=\"heading.default\">\n\t\t\t\t\t<h2 class=\"elementor-heading-title elementor-size-default\">OPINNOT JA TY\u00d6T<\/h2>\t\t\t\t<\/div>\n\t\t\t\t<\/div>\n\t\t<div class=\"elementor-element elementor-element-64835f4 e-con-full e-flex e-con e-child\" data-id=\"64835f4\" data-element_type=\"container\" data-e-type=\"container\">\n\t\t\t\t<div class=\"elementor-element elementor-element-17e8c80 elementor-widget elementor-widget-heading\" data-id=\"17e8c80\" data-element_type=\"widget\" data-e-type=\"widget\" data-widget_type=\"heading.default\">\n\t\t\t\t\t<h2 class=\"elementor-heading-title elementor-size-default\">PEDAGOGIIKKA<\/h2>\t\t\t\t<\/div>\n\t\t\t\t<\/div>\n\t\t\t\t\t<\/div>\n\t\t\t\t<\/div>\n\t\t<div class=\"elementor-element elementor-element-3aeee3e e-flex e-con-boxed e-con e-parent\" data-id=\"3aeee3e\" data-element_type=\"container\" data-e-type=\"container\">\n\t\t\t\t\t<div class=\"e-con-inner\">\n\t\t<div class=\"elementor-element elementor-element-aa417bb e-con-full e-flex e-con e-child\" data-id=\"aa417bb\" data-element_type=\"container\" data-e-type=\"container\">\n\t\t\t\t<div class=\"elementor-element elementor-element-d62e5a8 elementor-widget elementor-widget-text-editor\" data-id=\"d62e5a8\" data-element_type=\"widget\" data-e-type=\"widget\" data-widget_type=\"text-editor.default\">\n\t\t\t\t\t\t\t\t\t<p>Valmistuin Helsingin Metropolia Ammattikorkeakoulusta musiikkipedagogiksi vuonna 2017. Ennen valmistumistani aloitin trumpetinsoiton opettajan ty\u00f6t Helsingin Saksalaisen koulun yksityisess\u00e4 musiikkiopistossa, jossa tein t\u00f6it\u00e4 vuosina 2014-2019. Valmistuttuani aloitin ty\u00f6t sivutoimisena sijaisena It\u00e4-Helsingin musiikkiopistossa ja opetan siell\u00e4 edelleen.<\/p><p>Vuonna 2020 aloitin It\u00e4-Helsingin musiikkiopistossa tekem\u00e4\u00e4n my\u00f6s videoita ja koronavuosina hoidin opiston et\u00e4konserttien striimauksia. Lopulta aloitin vuonna 2022 vakinaisesti ty\u00f6t IHMO:n mediatuottajana.<\/p><p>Uuden ty\u00f6n my\u00f6t\u00e4 jatkoin opintojani vuonna 2022 Tampereen Ammattikorkeakoulussa ja valmistuin vuonna 2024 mediatuottajaksi (YAMK).\u00a0<\/p>\t\t\t\t\t\t\t\t<\/div>\n\t\t\t\t<\/div>\n\t\t<div class=\"elementor-element elementor-element-f002cd0 e-con-full e-flex e-con e-child\" data-id=\"f002cd0\" data-element_type=\"container\" data-e-type=\"container\">\n\t\t\t\t<div class=\"elementor-element elementor-element-a9bf16f elementor-widget elementor-widget-text-editor\" data-id=\"a9bf16f\" data-element_type=\"widget\" data-e-type=\"widget\" data-widget_type=\"text-editor.default\">\n\t\t\t\t\t\t\t\t\t<p>Olit sitten nuorempi tai vanhempi oppilas, uskon, ett\u00e4 kaikki halukkaat voivat oikeanlaisella motivaatiolla, rutiinilla ja opetuksella oppia soittamaan trumpettia. Minulle t\u00e4rkeit\u00e4 asioita opetuksessa on yhteinen kunnioitus ja yhteisty\u00f6 oppilaan ja opettajan v\u00e4lill\u00e4.<\/p><p>Koen, ett\u00e4 hyvi\u00e4 oppimistuloksia ja kokemuksia saadaan parhaiten, kun tavoitteista on keskusteltu avoimesti ja ilmapiiri on rento.<\/p><p>Otan opetuksessani huomioon yksil\u00f6lliset oppimistyylit ja hy\u00f6dynn\u00e4n kaikkea muuta osaamista, mit\u00e4 oppilaalla on entuudestaan. T\u00e4h\u00e4n luen mukaan my\u00f6s musiikillisen osaamisen ulkopuolelle kuuluvat taidot. Minulle on t\u00e4rke\u00e4\u00e4, ett\u00e4 oppilas nauttii soittamisesta ja saa siit\u00e4 irti juuri, mit\u00e4 itse haluaa.<\/p><p>Olen opetusurani aikana opettanut jo yli sataa eri oppilasta, jotka ovat olleet i\u00e4lt\u00e4\u00e4n 6 ja 65 vuoden v\u00e4lilt\u00e4.<\/p><p>Trumpetinsoiton lis\u00e4ksi olen opettanut pasuunan, k\u00e4yr\u00e4torven sek\u00e4 tenoritorven soiton alkeita. Yksil\u00f6-opetuksen lis\u00e4ksi voin tarvittaessa opettaa my\u00f6s et\u00e4n\u00e4. Lis\u00e4ksi minulta onnistuu ryhm\u00e4opetus sek\u00e4 alkeispuhallinorkesterien johtaminen.<br \/>Olen luonteeltani yst\u00e4v\u00e4llinen ja rento. Soittohommien lis\u00e4ksi nautin urheilusta erilaisten pallopelien ja salitreenin muodossa.\u00a0<\/p>\t\t\t\t\t\t\t\t<\/div>\n\t\t\t\t<\/div>\n\t\t\t\t\t<\/div>\n\t\t\t\t<\/div>\n\t\t<div class=\"elementor-element elementor-element-99bb906 e-flex e-con-boxed e-con e-parent\" data-id=\"99bb906\" data-element_type=\"container\" data-e-type=\"container\">\n\t\t\t\t\t<div class=\"e-con-inner\">\n\t\t<div class=\"elementor-element elementor-element-d655e54 e-con-full e-flex e-con e-child\" data-id=\"d655e54\" data-element_type=\"container\" data-e-type=\"container\">\n\t\t\t\t<div class=\"elementor-element elementor-element-0dc75f5 elementor-widget elementor-widget-heading\" data-id=\"0dc75f5\" data-element_type=\"widget\" data-e-type=\"widget\" data-widget_type=\"heading.default\">\n\t\t\t\t\t<h2 class=\"elementor-heading-title elementor-size-default\">HISTORIAA<\/h2>\t\t\t\t<\/div>\n\t\t\t\t<\/div>\n\t\t<div class=\"elementor-element elementor-element-e3f2fa4 e-con-full e-flex e-con e-child\" data-id=\"e3f2fa4\" data-element_type=\"container\" data-e-type=\"container\">\n\t\t\t\t<div class=\"elementor-element elementor-element-724cc64 elementor-widget elementor-widget-heading\" data-id=\"724cc64\" data-element_type=\"widget\" data-e-type=\"widget\" data-widget_type=\"heading.default\">\n\t\t\t\t\t<h2 class=\"elementor-heading-title elementor-size-default\">PROJEKTEJA<\/h2>\t\t\t\t<\/div>\n\t\t\t\t<\/div>\n\t\t\t\t\t<\/div>\n\t\t\t\t<\/div>\n\t\t<div class=\"elementor-element elementor-element-e9f6dc8 e-flex e-con-boxed e-con e-parent\" data-id=\"e9f6dc8\" data-element_type=\"container\" data-e-type=\"container\">\n\t\t\t\t\t<div class=\"e-con-inner\">\n\t\t<div class=\"elementor-element elementor-element-317cd4f e-con-full e-flex e-con e-child\" data-id=\"317cd4f\" data-element_type=\"container\" data-e-type=\"container\">\n\t\t\t\t<div class=\"elementor-element elementor-element-bfeecd3 elementor-widget elementor-widget-text-editor\" data-id=\"bfeecd3\" data-element_type=\"widget\" data-e-type=\"widget\" data-widget_type=\"text-editor.default\">\n\t\t\t\t\t\t\t\t\t<p>Aloitin trumpetin soittamisen 7-vuotiaana It\u00e4-Helsingin musiikkiopistossa. Opettajani oli tuolloin Helena Sinisalo. Ensimm\u00e4inen soittimeni oli kornetti, koska sill\u00e4 yleens\u00e4 pienet lapset aloittavat. Soitin musiikkiopiston puhallinorkesterissa ja suoritin musiikkiopistotason tutkinnot erinomaisin arvosanoin. Musiikkiopistopolkuni j\u00e4lkeen siirryin opiskelemaan musiikkia ammatillisesti Helsingin Metropolia Ammattikorkeakouluun. Opettajanani oli Jorma Rautakoski. Ammattikorkeakoulussa soitin sivusoittimena barokkitrumpettia Miikka Saarisen oppilaana.\u00a0<\/p><p>Trumpetinsoiton lis\u00e4ksi olen laulanut monissa kuoroissa. Aloitin kuoro-urani Cantores Minores-poikakuorossa, kun olin 9-vuotias ja lauloin siell\u00e4 kymmenisen vuotta. Sen j\u00e4lkeen olen laulanut erilaisissa kuoroissa kuten Somnium Ensembless\u00e4 ja Grex Musicuksessa.<\/p>\t\t\t\t\t\t\t\t<\/div>\n\t\t\t\t<\/div>\n\t\t<div class=\"elementor-element elementor-element-c967e2f e-con-full e-flex e-con e-child\" data-id=\"c967e2f\" data-element_type=\"container\" data-e-type=\"container\">\n\t\t\t\t<div class=\"elementor-element elementor-element-33e7674 elementor-widget elementor-widget-text-editor\" data-id=\"33e7674\" data-element_type=\"widget\" data-e-type=\"widget\" data-widget_type=\"text-editor.default\">\n\t\t\t\t\t\t\t\t\t<p>Soittokokemusta on karttunut sek\u00e4 klassiselta sek\u00e4 populaarimusiikin puolelta. Klassista musiikkia on tullut esitetty\u00e4 erilaisissa orkesteriproduktioissa, niin sinfoniaorkestereissa kuin puhallinorkestereissa. Puhallinorkesterimusiikkia on tullut tehty\u00e4 sek\u00e4 Puolustusvoimien varusmiessoittokunnan riveiss\u00e4 ett\u00e4 IHMO:n pienten puhallinorkesterin kapellimestarina.<\/p><p>Populaarimusiikkia on tullut tehty\u00e4 monenlaisissa pieniss\u00e4 kokoonpanoissa, mutta eniten osana funk-b\u00e4ndi Get Me:t\u00e4. Get Me:ss\u00e4 aloitin vuonna 2015. Boston Promenade- bigbandissa soitin vakituisena j\u00e4senen\u00e4 noin nelj\u00e4 vuotta. Keikkoja tuli tehty\u00e4 maamme johtavien artistien kanssa Paula Koivuniemest\u00e4, Michael Monroeen ja Jenni Vartiaiseen asti. Bostonin riveiss\u00e4 sain my\u00f6s opetusta Suomen populaari\/jazz-puolen k\u00e4rkitrumpetisteilta Teemu Mattssonilta ja Tero Lindbergilt\u00e4. Viime aikoina minun soittoani on voinut kuulla mm. Pilven Piirt\u00e4j\u00e4t -nimisen yhtyeen 2025 jouluna julkaisemalla &#8220;Kauneimmat joululaulut&#8221;-albumilla.<\/p>\t\t\t\t\t\t\t\t<\/div>\n\t\t\t\t<\/div>\n\t\t\t\t\t<\/div>\n\t\t\t\t<\/div>\n\t\t\t\t<\/div>\n\t\t","protected":false},"excerpt":{"rendered":"<p>Hei, olen Matti ja opetan trumpetinsoittoa sek\u00e4 teen kaikkea mediaan liittyv\u00e4\u00e4.\u200b OPINNOT JA TY\u00d6T PEDAGOGIIKKA Valmistuin Helsingin Metropolia Ammattikorkeakoulusta musiikkipedagogiksi vuonna 2017. Ennen valmistumistani aloitin trumpetinsoiton opettajan ty\u00f6t Helsingin Saksalaisen koulun yksityisess\u00e4 musiikkiopistossa, jossa tein t\u00f6it\u00e4 vuosina 2014-2019. Valmistuttuani aloitin ty\u00f6t sivutoimisena sijaisena It\u00e4-Helsingin musiikkiopistossa ja opetan siell\u00e4 edelleen. Vuonna 2020 aloitin It\u00e4-Helsingin musiikkiopistossa tekem\u00e4\u00e4n [&hellip;]<\/p>\n","protected":false},"author":1,"featured_media":0,"parent":0,"menu_order":0,"comment_status":"closed","ping_status":"closed","template":"elementor_header_footer","meta":{"footnotes":""},"class_list":["post-17","page","type-page","status-publish"],"_links":{"self":[{"href":"https:\/\/trumpettiope.fi\/index.php?rest_route=\/wp\/v2\/pages\/17","targetHints":{"allow":["GET"]}}],"collection":[{"href":"https:\/\/trumpettiope.fi\/index.php?rest_route=\/wp\/v2\/pages"}],"about":[{"href":"https:\/\/trumpettiope.fi\/index.php?rest_route=\/wp\/v2\/types\/page"}],"author":[{"embeddable":true,"href":"https:\/\/trumpettiope.fi\/index.php?rest_route=\/wp\/v2\/users\/1"}],"replies":[{"embeddable":true,"href":"https:\/\/trumpettiope.fi\/index.php?rest_route=%2Fwp%2Fv2%2Fcomments&post=17"}],"version-history":[{"count":22,"href":"https:\/\/trumpettiope.fi\/index.php?rest_route=\/wp\/v2\/pages\/17\/revisions"}],"predecessor-version":[{"id":149,"href":"https:\/\/trumpettiope.fi\/index.php?rest_route=\/wp\/v2\/pages\/17\/revisions\/149"}],"wp:attachment":[{"href":"https:\/\/trumpettiope.fi\/index.php?rest_route=%2Fwp%2Fv2%2Fmedia&parent=17"}],"curies":[{"name":"wp","href":"https:\/\/api.w.org\/{rel}","templated":true}]}}