{"id":32,"date":"2026-01-26T13:01:28","date_gmt":"2026-01-26T13:01:28","guid":{"rendered":"https:\/\/trumpettiope.fi\/?page_id=32"},"modified":"2026-01-27T17:35:07","modified_gmt":"2026-01-27T17:35:07","slug":"yhteystiedot","status":"publish","type":"page","link":"https:\/\/trumpettiope.fi\/?page_id=32","title":{"rendered":"Yhteystiedot"},"content":{"rendered":"\t\t<div data-elementor-type=\"wp-page\" data-elementor-id=\"32\" class=\"elementor elementor-32\">\n\t\t\t\t<div class=\"elementor-element elementor-element-98d76e7 e-flex e-con-boxed e-con e-parent\" data-id=\"98d76e7\" data-element_type=\"container\" data-e-type=\"container\">\n\t\t\t\t\t<div class=\"e-con-inner\">\n\t\t\t\t<div class=\"elementor-element elementor-element-bd282c6 elementor-widget elementor-widget-text-editor\" data-id=\"bd282c6\" data-element_type=\"widget\" data-e-type=\"widget\" data-widget_type=\"text-editor.default\">\n\t\t\t\t\t\t\t\t\t<p>Jos sinulla on tarvetta trumpetistille, trumpetinsoitonopettajalle, valokuvaajalle, videokuvaajalle jne. ota yhteytt\u00e4 s\u00e4hk\u00f6postitse: <span style=\"text-decoration: underline;\">trumpettiope@gmail.com<\/span> ja katsotaan mit\u00e4 saadaan aikaan!<\/p>\t\t\t\t\t\t\t\t<\/div>\n\t\t\t\t\t<\/div>\n\t\t\t\t<\/div>\n\t\t\t\t<\/div>\n\t\t","protected":false},"excerpt":{"rendered":"<p>Jos sinulla on tarvetta trumpetistille, trumpetinsoitonopettajalle, valokuvaajalle, videokuvaajalle jne. ota yhteytt\u00e4 s\u00e4hk\u00f6postitse: trumpettiope@gmail.com ja katsotaan mit\u00e4 saadaan aikaan!<\/p>\n","protected":false},"author":1,"featured_media":0,"parent":0,"menu_order":0,"comment_status":"closed","ping_status":"closed","template":"","meta":{"footnotes":""},"class_list":["post-32","page","type-page","status-publish"],"_links":{"self":[{"href":"https:\/\/trumpettiope.fi\/index.php?rest_route=\/wp\/v2\/pages\/32","targetHints":{"allow":["GET"]}}],"collection":[{"href":"https:\/\/trumpettiope.fi\/index.php?rest_route=\/wp\/v2\/pages"}],"about":[{"href":"https:\/\/trumpettiope.fi\/index.php?rest_route=\/wp\/v2\/types\/page"}],"author":[{"embeddable":true,"href":"https:\/\/trumpettiope.fi\/index.php?rest_route=\/wp\/v2\/users\/1"}],"replies":[{"embeddable":true,"href":"https:\/\/trumpettiope.fi\/index.php?rest_route=%2Fwp%2Fv2%2Fcomments&post=32"}],"version-history":[{"count":7,"href":"https:\/\/trumpettiope.fi\/index.php?rest_route=\/wp\/v2\/pages\/32\/revisions"}],"predecessor-version":[{"id":143,"href":"https:\/\/trumpettiope.fi\/index.php?rest_route=\/wp\/v2\/pages\/32\/revisions\/143"}],"wp:attachment":[{"href":"https:\/\/trumpettiope.fi\/index.php?rest_route=%2Fwp%2Fv2%2Fmedia&parent=32"}],"curies":[{"name":"wp","href":"https:\/\/api.w.org\/{rel}","templated":true}]}}