{"id":65,"date":"2026-01-26T14:37:18","date_gmt":"2026-01-26T14:37:18","guid":{"rendered":"https:\/\/trumpettiope.fi\/?page_id=65"},"modified":"2026-01-27T20:12:35","modified_gmt":"2026-01-27T20:12:35","slug":"etusivu","status":"publish","type":"page","link":"https:\/\/trumpettiope.fi\/","title":{"rendered":"Etusivu"},"content":{"rendered":"\t\t<div data-elementor-type=\"wp-page\" data-elementor-id=\"65\" class=\"elementor elementor-65\">\n\t\t\t\t<div class=\"elementor-element elementor-element-015d317 e-flex e-con-boxed e-con e-parent\" data-id=\"015d317\" data-element_type=\"container\" data-e-type=\"container\">\n\t\t\t\t\t<div class=\"e-con-inner\">\n\t\t\t\t<div class=\"elementor-element elementor-element-6ce6714 elementor-widget elementor-widget-text-editor\" data-id=\"6ce6714\" data-element_type=\"widget\" data-e-type=\"widget\" data-widget_type=\"text-editor.default\">\n\t\t\t\t\t\t\t\t\t<p>Tervetuloa mun nettisivuille. T\u00e4\u00e4lt\u00e4 l\u00f6yd\u00e4t tietoa minusta, soittotunneista tai mediatuotannoista. Tutustu ja ota yhteytt\u00e4!<\/p>\t\t\t\t\t\t\t\t<\/div>\n\t\t\t\t\t<\/div>\n\t\t\t\t<\/div>\n\t\t\t\t<\/div>\n\t\t","protected":false},"excerpt":{"rendered":"<p>Tervetuloa mun nettisivuille. T\u00e4\u00e4lt\u00e4 l\u00f6yd\u00e4t tietoa minusta, soittotunneista tai mediatuotannoista. Tutustu ja ota yhteytt\u00e4!<\/p>\n","protected":false},"author":1,"featured_media":0,"parent":0,"menu_order":0,"comment_status":"closed","ping_status":"closed","template":"","meta":{"footnotes":""},"class_list":["post-65","page","type-page","status-publish"],"_links":{"self":[{"href":"https:\/\/trumpettiope.fi\/index.php?rest_route=\/wp\/v2\/pages\/65","targetHints":{"allow":["GET"]}}],"collection":[{"href":"https:\/\/trumpettiope.fi\/index.php?rest_route=\/wp\/v2\/pages"}],"about":[{"href":"https:\/\/trumpettiope.fi\/index.php?rest_route=\/wp\/v2\/types\/page"}],"author":[{"embeddable":true,"href":"https:\/\/trumpettiope.fi\/index.php?rest_route=\/wp\/v2\/users\/1"}],"replies":[{"embeddable":true,"href":"https:\/\/trumpettiope.fi\/index.php?rest_route=%2Fwp%2Fv2%2Fcomments&post=65"}],"version-history":[{"count":16,"href":"https:\/\/trumpettiope.fi\/index.php?rest_route=\/wp\/v2\/pages\/65\/revisions"}],"predecessor-version":[{"id":166,"href":"https:\/\/trumpettiope.fi\/index.php?rest_route=\/wp\/v2\/pages\/65\/revisions\/166"}],"wp:attachment":[{"href":"https:\/\/trumpettiope.fi\/index.php?rest_route=%2Fwp%2Fv2%2Fmedia&parent=65"}],"curies":[{"name":"wp","href":"https:\/\/api.w.org\/{rel}","templated":true}]}}